{"id":463,"date":"2019-01-03T23:20:54","date_gmt":"2019-01-03T23:20:54","guid":{"rendered":"http:\/\/icamt.icom.cust.oxymium.net\/conferences\/pasadas\/"},"modified":"2019-01-03T23:30:41","modified_gmt":"2019-01-03T23:30:41","slug":"pasadas","status":"publish","type":"page","link":"https:\/\/icamt.mini.icom.museum\/es\/conferences\/pasadas\/","title":{"rendered":"Pasadas"},"content":{"rendered":"<div id=\"RTE_CONTENT\"> <!--TYPO3SEARCH_begin--> \t<!--  CONTENT ELEMENT, uid:14971\/textpic [begin] --> \t\t<\/p>\n<div id=\"c14971\"> \t\t<!--  Image block: [begin] --> \t\t\t<\/p>\n<div> \t\t<!--  Text: [begin] --> \t\t\t<\/p>\n<p>Las reuniones anuales del ICAMT usualmente son de 3 a 5 d\u00cdas y puede incluir recorridos pos-conferencias. \u00c9stas incluyen visitas a los museos, sesiones con colegas locales y miembros del ICAMT, quienes presentan propuestas relacionadas con el tema de la conferencia.<\/p>\n<p>Algunas de ellas incluyen talleres donde los miembros pueden discutir en profundidad un proyecto. Problemas pertinentes de inter\u00e9s local son dirigidos a los miembros del ICAMT con el fin de encontrar una soluci\u00f3n a trav\u00e9s de intercambio de puntos de vista de los profesionales con su colegas locales y otros profesionales de museos.<br \/><img decoding=\"async\" src=\"https:\/\/icamt.mini.icom.museum\/wp-content\/uploads\/sites\/13\/2019\/01\/RTEmagicC_ICAMTbus.jpg.jpg\" alt=\"\"><\/p>\n<p>CONFERENCIAS REALIZADAS:<br \/>2015 Trondheim. Noruega<br \/>2014 Tiflis,\u00a0Georgia<br \/>2013 Rio de Janeiro, Brasil<br \/>2012 Madrid, Espagna<br \/>2011 Estocolmo, Suecia<br \/>2010 Shanghai, China<br \/>2009 Berlin, Alemania<br \/>2007 Viena, Austria<br \/>2006 Rotterdam, Paises Bajos<br \/>2005 Washington DC, USA<br \/>2004 Seoul, Korea<br \/>2003 Latvia y Estonia; Pos- Conferencia excursion, Lithuania<br \/>2002 Ciudad de Mexico, Mexico<br \/>2001 Barcelona, Espa\u00f1a<br \/>1999 Santo Domingo, Rep\u00fablica Dominicana<br \/>1998 Melbourne, Australia<\/p>\n<p><\/p>\n<div><\/div>\n<p> \t\t<!--  Text: [end] --> \t\t\t<\/div>\n<p> \t\t<!--  Image block: [end] --> \t\t\t   \t<!--  \t\tBEGIN: Content of extension \"hpo_relatedlink\", plugin \"tx_hporelatedlink_pi1\"  \t--> \t<\/p>\n<div> \t\t \t<\/div>\n<p> \t \t<!-- END: Content of extension \"hpo_relatedlink\", plugin \"tx_hporelatedlink_pi1\" -->  \t<\/div>\n<p> \t<!--  CONTENT ELEMENT, uid:14971\/textpic [end] --> \t\t<!--TYPO3SEARCH_end--> <\/div>\n","protected":false},"excerpt":{"rendered":"<p>Las reuniones anuales del ICAMT usualmente son de 3 a 5 d\u00cdas y puede incluir recorridos pos-conferencias. \u00c9stas incluyen visitas a los museos, sesiones con colegas locales y miembros del ICAMT, quienes presentan propuestas relacionadas con el tema de la conferencia. Algunas de ellas incluyen talleres donde los miembros pueden discutir en profundidad un proyecto. [&hellip;]<\/p>\n","protected":false},"author":1,"featured_media":0,"parent":151,"menu_order":2,"comment_status":"closed","ping_status":"closed","template":"","meta":{"footnotes":""},"yst_prominent_words":[],"acf":[],"_links":{"self":[{"href":"https:\/\/icamt.mini.icom.museum\/es\/wp-json\/wp\/v2\/pages\/463"}],"collection":[{"href":"https:\/\/icamt.mini.icom.museum\/es\/wp-json\/wp\/v2\/pages"}],"about":[{"href":"https:\/\/icamt.mini.icom.museum\/es\/wp-json\/wp\/v2\/types\/page"}],"author":[{"embeddable":true,"href":"https:\/\/icamt.mini.icom.museum\/es\/wp-json\/wp\/v2\/users\/1"}],"replies":[{"embeddable":true,"href":"https:\/\/icamt.mini.icom.museum\/es\/wp-json\/wp\/v2\/comments?post=463"}],"version-history":[{"count":1,"href":"https:\/\/icamt.mini.icom.museum\/es\/wp-json\/wp\/v2\/pages\/463\/revisions"}],"predecessor-version":[{"id":2713,"href":"https:\/\/icamt.mini.icom.museum\/es\/wp-json\/wp\/v2\/pages\/463\/revisions\/2713"}],"up":[{"embeddable":true,"href":"https:\/\/icamt.mini.icom.museum\/es\/wp-json\/wp\/v2\/pages\/151"}],"wp:attachment":[{"href":"https:\/\/icamt.mini.icom.museum\/es\/wp-json\/wp\/v2\/media?parent=463"}],"wp:term":[{"taxonomy":"yst_prominent_words","embeddable":true,"href":"https:\/\/icamt.mini.icom.museum\/es\/wp-json\/wp\/v2\/yst_prominent_words?post=463"}],"curies":[{"name":"wp","href":"https:\/\/api.w.org\/{rel}","templated":true}]}}