{"id":469,"date":"2019-01-03T23:21:00","date_gmt":"2019-01-03T23:21:00","guid":{"rendered":"http:\/\/icamt.icom.cust.oxymium.net\/committee\/mision\/"},"modified":"2019-01-03T23:30:41","modified_gmt":"2019-01-03T23:30:41","slug":"mision","status":"publish","type":"page","link":"https:\/\/icamt.mini.icom.museum\/es\/committee\/mision\/","title":{"rendered":"Misi\u00f3n"},"content":{"rendered":"<div id=\"RTE_CONTENT\"> <!--TYPO3SEARCH_begin--> \t<!--  CONTENT ELEMENT, uid:14974\/textpic [begin] --> \t\t<\/p>\n<div id=\"c14974\"> \t\t<!--  Image block: [begin] --> \t\t\t<\/p>\n<div> \t\t<!--  Text: [begin] --> \t\t\t<\/p>\n<p>La misi\u00f3n del Comit\u00e9 Internacional para la Arquitectura y T\u00e9cnicas en Museos es:<\/p>\n<ul>\n<li>Apoyar los objetivos del ICOM, en particular, todos aquellos que se refieren a aspectos de arquitectura de museos y exhibiciones (permanentes y temporales) tanto en soporte como componente integral de la misi\u00f3n de los museos.<\/li>\n<li>Contribuir al desarrollo e implementaci\u00f3n del programa del ICOM.<\/li>\n<li>Formular y llevar a cabo actividades relacionadas con arquitectura y t\u00e9cnicas de los museos.<\/li>\n<li>Dar espacios para la comunicaci\u00f3n, la cooperaci\u00f3n, el intercambio entre museos, profesionales de \u00e9stos y con otros profesionales interesados en los objetivos del ICAMT.<\/li>\n<li>Dar asesor\u00eda al ICOM en temas relacionados con la planificaci\u00f3n, la arquitectura, las exhibiciones asi como a los inmuebles del patrimonio historico- arquitect\u00f3nico que son usados como museos, aprovechando la experiencia de los profesionales expertos que contribuyen a la implemenaci\u00f3n del programa del ICOM.<\/li>\n<li>Representar los intereses de los miembros del ICAMT dentro del ICOM para cooperar con los Comit\u00e9s Nacionales, Organizaciones Regionales del ICOM as\u00ed como con otros Comit\u00e9s Internacionales con mandatos espec\u00edficos con el fin de extender los intereses del ICOM.<\/li>\n<\/ul>\n<p>\u00a0<\/p>\n<p>\u00a0<\/p>\n<p>\u00a0<\/p>\n<p>\u00a0<\/p>\n<p> \t\t<!--  Text: [end] --> \t\t\t<\/div>\n<p> \t\t<!--  Image block: [end] --> \t\t\t   \t<!--  \t\tBEGIN: Content of extension \"hpo_relatedlink\", plugin \"tx_hporelatedlink_pi1\"  \t--> \t<\/p>\n<div> \t\t \t<\/div>\n<p> \t \t<!-- END: Content of extension \"hpo_relatedlink\", plugin \"tx_hporelatedlink_pi1\" -->  \t<\/div>\n<p> \t<!--  CONTENT ELEMENT, uid:14974\/textpic [end] --> \t\t<!--TYPO3SEARCH_end--> <\/div>\n","protected":false},"excerpt":{"rendered":"<p>La misi\u00f3n del Comit\u00e9 Internacional para la Arquitectura y T\u00e9cnicas en Museos es: Apoyar los objetivos del ICOM, en particular, todos aquellos que se refieren a aspectos de arquitectura de museos y exhibiciones (permanentes y temporales) tanto en soporte como componente integral de la misi\u00f3n de los museos. Contribuir al desarrollo e implementaci\u00f3n del programa [&hellip;]<\/p>\n","protected":false},"author":1,"featured_media":0,"parent":154,"menu_order":0,"comment_status":"closed","ping_status":"closed","template":"","meta":{"footnotes":""},"yst_prominent_words":[],"acf":[],"_links":{"self":[{"href":"https:\/\/icamt.mini.icom.museum\/es\/wp-json\/wp\/v2\/pages\/469"}],"collection":[{"href":"https:\/\/icamt.mini.icom.museum\/es\/wp-json\/wp\/v2\/pages"}],"about":[{"href":"https:\/\/icamt.mini.icom.museum\/es\/wp-json\/wp\/v2\/types\/page"}],"author":[{"embeddable":true,"href":"https:\/\/icamt.mini.icom.museum\/es\/wp-json\/wp\/v2\/users\/1"}],"replies":[{"embeddable":true,"href":"https:\/\/icamt.mini.icom.museum\/es\/wp-json\/wp\/v2\/comments?post=469"}],"version-history":[{"count":1,"href":"https:\/\/icamt.mini.icom.museum\/es\/wp-json\/wp\/v2\/pages\/469\/revisions"}],"predecessor-version":[{"id":2711,"href":"https:\/\/icamt.mini.icom.museum\/es\/wp-json\/wp\/v2\/pages\/469\/revisions\/2711"}],"up":[{"embeddable":true,"href":"https:\/\/icamt.mini.icom.museum\/es\/wp-json\/wp\/v2\/pages\/154"}],"wp:attachment":[{"href":"https:\/\/icamt.mini.icom.museum\/es\/wp-json\/wp\/v2\/media?parent=469"}],"wp:term":[{"taxonomy":"yst_prominent_words","embeddable":true,"href":"https:\/\/icamt.mini.icom.museum\/es\/wp-json\/wp\/v2\/yst_prominent_words?post=469"}],"curies":[{"name":"wp","href":"https:\/\/api.w.org\/{rel}","templated":true}]}}