{"id":508,"date":"2019-01-03T23:21:34","date_gmt":"2019-01-03T23:21:34","guid":{"rendered":"http:\/\/icamt.icom.cust.oxymium.net\/workshops\/2018-lisbon-portugal\/2018-lisboa-portugal\/"},"modified":"2019-01-03T23:30:39","modified_gmt":"2019-01-03T23:30:39","slug":"2018-lisboa-portugal","status":"publish","type":"page","link":"https:\/\/icamt.mini.icom.museum\/es\/workshops\/past\/2018-lisboa-portugal\/","title":{"rendered":"2018 Lisboa, Portugal"},"content":{"rendered":"<div id=\"RTE_CONTENT\"> <!--TYPO3SEARCH_begin--> \t<!--  CONTENT ELEMENT, uid:20086\/text [begin] --> \t\t<\/p>\n<div id=\"c20086\"> \t\t<!--  Header: [begin] --> \t\t\t<\/p>\n<h2>Workshop Lisboa 2018<\/h2>\n<p> \t\t<!--  Header: [end] --> \t\t\t \t\t<!--  Text: [begin] --> \t\t\t<\/p>\n<p><img decoding=\"async\" src=\"https:\/\/icamt.mini.icom.museum\/wp-content\/uploads\/sites\/13\/2019\/01\/RTEmagicC_lisbon2.png.png\" alt=\"\"><\/p>\n<p>See the\u00a0<a href=\"http:\/\/icamtlisboa2018.eu\/\" title=\"Opens external link in new window\" target=\"_blank\">workshop website<\/a> <\/p>\n<p>O Workshop do ICAMT Lisboa 2018 relaciona a Arquitetura com a Museologia olhando especificamente para as t\u00e9cnicas museogr\u00e1ficas, os museus comunit\u00e1rios e a energia e sustentabilidade. <\/p>\n<p><a href=\"http:\/\/icamt.icom.cust.oxymium.net\/workshops\/2018-lisbon-portugal\/\" title=\"Opens internal link in current window\">texto em ingl\u00eas<\/a> <\/p>\n<p>Destina-se a estudantes e profissionais de arquitetura, engenharia, museologia, artes pl\u00e1sticas, curadoria, design e \u00e1reas afins. <\/p>\n<p>Analisar\u00e1 quest\u00f5es metodol\u00f3gicas, conceptuais e t\u00e9cnicas referentes ao papel da arquitetura na implementa\u00e7\u00e3o de projetos museol\u00f3gicos, incidindo nas t\u00e9cnicas museogr\u00e1ficas contempor\u00e2neas, no papel dos museus comunit\u00e1rios na sociedade do s\u00e9culo XXI e na necessidade do recurso \u00e0s energias renov\u00e1veis contribuindo para a sustentabilidade dos museus. <\/p>\n<p>O Workshop visa trazer \u00e0 discuss\u00e3o estes tr\u00eas eixos tem\u00e1ticos contribuindo para enriquecer e consolidar as boas pr\u00e1ticas museais, a valoriza\u00e7\u00e3o profissional e a rela\u00e7\u00e3o entre os museus e a sociedade. <\/p>\n<p>\u00a0<\/p>\n<p><b>CALL <\/b> <\/p>\n<p>Aceitam-se propostas de comunica\u00e7\u00f5es para os eixos tem\u00e1ticos do workshop: <\/p>\n<p><b>1. T\u00e9cnicas museogr\u00e1ficas &#8211; papel da arquitetura:<\/b> <\/p>\n<p>&#8211; Em tempos de crise financeira e baixos or\u00e7amentos nos museus, de que forma a arquitetura pode produzir solu\u00e7\u00f5es museogr\u00e1ficas simultaneamente de baixo custo e eficazes na comunica\u00e7\u00e3o; <\/p>\n<p>&#8211; Utiliza\u00e7\u00e3o inteligente das tecnologias da informa\u00e7\u00e3o nas t\u00e9cnicas museogr\u00e1ficas. <\/p>\n<p><b>2. Papel dos museus comunit\u00e1rios no seculo XXI:<\/b> <\/p>\n<p>&#8211; Os Museus comunit\u00e1rios na sociedade digital do s\u00e9culo XXI; <\/p>\n<p>&#8211; Os museus comunit\u00e1rios e a atual sociedade de migra\u00e7\u00f5es massivas; <\/p>\n<p>&#8211; A responsabilidade, inova\u00e7\u00e3o e criatividade da arquitetura nos pequenos museus; <\/p>\n<p><b>3. Energias renov\u00e1veis e sustentabilidade dos museus:<\/b> <\/p>\n<p>-Face \u00e0s energias renov\u00e1veis dispon\u00edveis, quais as melhores solu\u00e7\u00f5es para a sustentabilidade nas suas diversas vertentes, aplicadas aos museus; <\/p>\n<p>&#8211; Inclus\u00e3o da dom\u00f3tica nos museus. <\/p>\n<p>\u00a0<\/p>\n<p>\u00a0<\/p>\n<p>Data de rece\u00e7\u00e3o das propostas: 15 de Dezembro <\/p>\n<p>Envio para o email: <a href=\"mailto:icamtlisboa2018@gmail.com\">icamtlisboa2018@gmail.com<\/a> <\/p>\n<p>Resumo: at\u00e9 500 palavras <\/p>\n<p>Data da comunica\u00e7\u00e3o da aceita\u00e7\u00e3o: 30\u00a0de Dezembro <\/p>\n<p>Tempo de apresenta\u00e7\u00e3o da comunica\u00e7\u00e3o: 15\/20 minutos <\/p>\n<p>L\u00edngua da comunica\u00e7\u00e3o: Ingl\u00eas, portugu\u00eas, ou espanhol <\/p>\n<p>\u00a0<\/p>\n<p>Inscri\u00e7\u00e3o: 40\u20ac <\/p>\n<p>Com o envio do comprovativo de pagamento para o email: <a href=\"mailto:icamtlisboa2018@gmail.com\">icamtlisboa2018@gmail.com<\/a> <\/p>\n<p>Dados para a transfer\u00eancia banc\u00e1ria: <\/p>\n<p>NIB: 00330000 00192237511 05 <\/p>\n<p>IBAN PT50 00330000 00192237511 05 <\/p>\n<p>SWIFT\/BIC: BCOMPTPL <\/p>\n<p>\u00a0<\/p>\n<p>\u00a0<\/p>\n<p><b>Comiss\u00e3o cient\u00edfica:<\/b> <\/p>\n<p>Jean Hilgersom <\/p>\n<p>Alessandra Labate Rosso <\/p>\n<p>Nana Meparishvili <\/p>\n<p>Manuel Furtado Mendes <\/p>\n<p>M\u00e1rio Moutinho  <\/p>\n<p>Judite Primo <\/p>\n<p>Aida Rechena <\/p>\n<p>\u00a0<\/p>\n<p><b>Comiss\u00e3o Executiva:<\/b> <\/p>\n<p>ICAMT <\/p>\n<p>Departamento de Museologia da ULHT<\/p>\n<p> \t\t<!--  Text: [end] --> \t\t\t   \t<!--  \t\tBEGIN: Content of extension \"hpo_relatedlink\", plugin \"tx_hporelatedlink_pi1\"  \t--> \t<\/p>\n<div> \t\t \t<\/div>\n<p> \t \t<!-- END: Content of extension \"hpo_relatedlink\", plugin \"tx_hporelatedlink_pi1\" -->  \t<\/div>\n<p> \t<!--  CONTENT ELEMENT, uid:20086\/text [end] --> \t\t<!--TYPO3SEARCH_end--> <\/div>\n","protected":false},"excerpt":{"rendered":"<p>Workshop Lisboa 2018 See the\u00a0workshop website O Workshop do ICAMT Lisboa 2018 relaciona a Arquitetura com a Museologia olhando especificamente para as t\u00e9cnicas museogr\u00e1ficas, os museus comunit\u00e1rios e a energia e sustentabilidade. texto em ingl\u00eas Destina-se a estudantes e profissionais de arquitetura, engenharia, museologia, artes pl\u00e1sticas, curadoria, design e \u00e1reas afins. Analisar\u00e1 quest\u00f5es metodol\u00f3gicas, conceptuais [&hellip;]<\/p>\n","protected":false},"author":1,"featured_media":0,"parent":256,"menu_order":4,"comment_status":"closed","ping_status":"closed","template":"","meta":{"footnotes":""},"yst_prominent_words":[],"acf":[],"_links":{"self":[{"href":"https:\/\/icamt.mini.icom.museum\/es\/wp-json\/wp\/v2\/pages\/508"}],"collection":[{"href":"https:\/\/icamt.mini.icom.museum\/es\/wp-json\/wp\/v2\/pages"}],"about":[{"href":"https:\/\/icamt.mini.icom.museum\/es\/wp-json\/wp\/v2\/types\/page"}],"author":[{"embeddable":true,"href":"https:\/\/icamt.mini.icom.museum\/es\/wp-json\/wp\/v2\/users\/1"}],"replies":[{"embeddable":true,"href":"https:\/\/icamt.mini.icom.museum\/es\/wp-json\/wp\/v2\/comments?post=508"}],"version-history":[{"count":1,"href":"https:\/\/icamt.mini.icom.museum\/es\/wp-json\/wp\/v2\/pages\/508\/revisions"}],"predecessor-version":[{"id":2702,"href":"https:\/\/icamt.mini.icom.museum\/es\/wp-json\/wp\/v2\/pages\/508\/revisions\/2702"}],"up":[{"embeddable":true,"href":"https:\/\/icamt.mini.icom.museum\/es\/wp-json\/wp\/v2\/pages\/256"}],"wp:attachment":[{"href":"https:\/\/icamt.mini.icom.museum\/es\/wp-json\/wp\/v2\/media?parent=508"}],"wp:term":[{"taxonomy":"yst_prominent_words","embeddable":true,"href":"https:\/\/icamt.mini.icom.museum\/es\/wp-json\/wp\/v2\/yst_prominent_words?post=508"}],"curies":[{"name":"wp","href":"https:\/\/api.w.org\/{rel}","templated":true}]}}