{"id":826,"date":"2019-01-03T23:23:31","date_gmt":"2019-01-03T23:23:31","guid":{"rendered":"http:\/\/icamt.icom.cust.oxymium.net\/workshops\/2016-sao-paulo-brazil\/2016-sao-paulo-workshop-day-4\/"},"modified":"2019-01-03T23:30:37","modified_gmt":"2019-01-03T23:30:37","slug":"2016-sao-paulo-workshop-day-4","status":"publish","type":"page","link":"https:\/\/icamt.mini.icom.museum\/es\/workshops\/past\/2016-sao-paulo-workshop-day-4\/","title":{"rendered":"2016 S\u00e3o Paulo Workshop, day 4"},"content":{"rendered":"<div id=\"RTE_CONTENT\"> <!--TYPO3SEARCH_begin--> \t<!--  CONTENT ELEMENT, uid:18707\/text [begin] --> \t\t<\/p>\n<div id=\"c18707\"> \t\t<!--  Header: [begin] --> \t\t\t<\/p>\n<h2>THEME: EXHIBIT DESIGN PROJECT AND GRAPHIC DESIGN <\/h2>\n<p> \t\t<!--  Header: [end] --> \t\t\t \t\t<!--  Text: [begin] --> \t\t\t<\/p>\n<p><b>Day 4,\u00a0 12 October 2016 \u2013 Wednesday<\/b> <\/p>\n<p>\u00a0<\/p>\n<ul>\n<li> <a href=\"http:\/\/icamt.mini.icom.museum\/wp-content\/uploads\/sites\/13\/2019\/01\/PALESTRA_12_Virginia_Fienga.pdf\" title=\"TEXT, PALESTRA 12 Virginia Fienga, PALESTRA_12_Virginia_Fienga.pdf, 22 MB\" target=\"_blank\">LECTURE 12<\/a>,\u00a0EXHIBIT DESIGN PROJECT<\/li>\n<\/ul>\n<p><b> Renewal of exhibit design <\/b>(MUS\u00c9E D&#8217;ORSAY and MUS\u00c9E DE L&#8217;ORANGERIE, Paris, France)<br \/><b><i> * Virg\u00ednia Fienga<\/i><\/b> (Mus\u00e9e D&#8217;Orsay)\u00a0 <\/p>\n<p>\u00a0<\/p>\n<ul>\n<li> <a href=\"http:\/\/icamt.mini.icom.museum\/wp-content\/uploads\/sites\/13\/2019\/01\/PALESTRA_13a_Felipe_Tassara_reduced.pdf\" title=\"TEXT, PALESTRA 13a Felipe Tassara reduced, PALESTRA_13a_Felipe_Tassara_reduced.pdf, 9.1 MB\">LECTURE 13a<\/a>,\u00a0EXHIBIT DESIGN PROJECT<\/li>\n<li><a href=\"http:\/\/icamt.mini.icom.museum\/wp-content\/uploads\/sites\/13\/2019\/01\/PALESTRA_13b_Felipe_Tassara.pdf\" title=\"TEXT, PALESTRA 13b Felipe Tassara, PALESTRA_13b_Felipe_Tassara.pdf, 12.5 MB\" target=\"_blank\">LECTURE 13b<\/a><\/li>\n<li><a href=\"http:\/\/icamt.mini.icom.museum\/wp-content\/uploads\/sites\/13\/2019\/01\/PALESTRA_13d_Felipe_Tassara.pdf\" title=\"TEXT, PALESTRA 13d Felipe Tassara, PALESTRA_13d_Felipe_Tassara.pdf, 2.7 MB\" target=\"_blank\">LECTURE 13d<\/a><\/li>\n<\/ul>\n<p><b>Interdisciplinary team, limits and interfaces between areas<\/b> (MUSEU DA IMIGRA\u00c7\u00c3O, S\u00e3o Paulo, SP and MUSEU DA IMAGEM E DO SOM, Rio de Janeiro, RJ)<br \/><b><i>Felipe Tassara <\/i><\/b>(T+T Projetos \u2013 Felipe Tassara + Daniela Thomas)\u00a0 <\/p>\n<p>\u00a0<\/p>\n<ul>\n<li> <a href=\"http:\/\/icamt.mini.icom.museum\/wp-content\/uploads\/sites\/13\/2019\/01\/PALESTRA_14_Fernando_Uehara.pdf\" title=\"TEXT, PALESTRA 14 Fernando Uehara, PALESTRA_14_Fernando_Uehara.pdf, 15.0 MB\" target=\"_blank\">LECTURE 14<\/a>,\u00a0GRAPHIC DESIGN<\/li>\n<\/ul>\n<p><b>Graphic images\/signage for museums, temporary exhibitions and safety\/captions\/graphic design = language integrated in other museum and exhibit solutions &gt; co ee shop and museum shop <\/b>(MUSEU DA IMIGRA\u00c7\u00c3O, S\u00e3o Paulo, SP).<br \/><b><i> Fernando Uehara <\/i><\/b>(BUMMUB)\u00a0 <\/p>\n<p>\u00a0<\/p>\n<ul>\n<li> <a href=\"http:\/\/icamt.mini.icom.museum\/wp-content\/uploads\/sites\/13\/2019\/01\/PALESTRA_15a_Fabio_Prata_e_Falvia_Nalon.pdf\" title=\"TEXT, PALESTRA 15a Fabio Prata e Falvia Nalon, PALESTRA_15a_Fabio_Prata_e_Falvia_Nalon.pdf, 14.2 MB\">LECTURE 15<\/a>,\u00a0GRAPHIC DESIGN<\/li>\n<li><a href=\"http:\/\/icamt.mini.icom.museum\/wp-content\/uploads\/sites\/13\/2019\/01\/PALESTRA_15b_Fabio_Prata_e_Flavia_Nalon.mp4\" title=\"VIDEO, PALESTRA 15b Fabio Prata e Flavia Nalon, PALESTRA_15b_Fabio_Prata_e_Flavia_Nalon.mp4, 12.4 MB\" target=\"_blank\">LECTURE 15 film Museu Da Imagem e\u00a0Do Som\u00a0MP4<\/a><\/li>\n<\/ul>\n<p><b>Graphic images\/signage for museums, permanent exhibitions and safety\/captions\/graphic design = language integrated in other museum and exhibit solutions<\/b> (BRASILIANA COLLECTION at ITA\u00da CULTURAL, S\u00e3o Paulo, SP)<br \/><b><i>Fl\u00e1via Nalon and F\u00e1bio Prata <\/i><\/b>(ps.2 arquitetura+design)\u00a0 <\/p>\n<p>\u00a0<\/p>\n<ul>\n<li>TECHNICAL PRESENTATION, MUSEU DA IMIGRA\u00c7\u00c3O<\/li>\n<\/ul>\n<p><b>Architecture and museographic techniques adopted at Museu da Imigra\u00e7\u00e3o<\/b><br \/><i><b>Marilia Bonas<\/b> <\/i>(Museu da Imigra\u00e7\u00e3o)\u00a0 <\/p>\n<p>\u00a0<\/p>\n<ul>\n<li>TECHNICAL VISIT 3<\/li>\n<\/ul>\n<p>INTITUTO TOMIE OHTAKE<\/p>\n<p> \t\t<!--  Text: [end] --> \t\t\t   \t<!--  \t\tBEGIN: Content of extension \"hpo_relatedlink\", plugin \"tx_hporelatedlink_pi1\"  \t--> \t<\/p>\n<div> \t\t \t<\/div>\n<p> \t \t<!-- END: Content of extension \"hpo_relatedlink\", plugin \"tx_hporelatedlink_pi1\" -->  \t<\/div>\n<p> \t<!--  CONTENT ELEMENT, uid:18707\/text [end] --> \t\t \t<!--  CONTENT ELEMENT, uid:18811\/text [begin] --> \t\t<\/p>\n<div id=\"c18811\"> \t\t<!--  Header: [begin] --> \t\t\t<\/p>\n<h2>Photo&#8217;s Lectures Day 4<\/h2>\n<p> \t\t<!--  Header: [end] --> \t\t\t \t\t<!--  Text: [begin] --> \t\t\t<\/p>\n<p><img decoding=\"async\" src=\"http:\/\/icamt.mini.icom.museum\/wp-content\/uploads\/sites\/13\/2019\/01\/RTEmagicC_Lecture_12__6_.JPG.jpg\" alt=\"\"><\/p>\n<p><img decoding=\"async\" src=\"http:\/\/icamt.mini.icom.museum\/wp-content\/uploads\/sites\/13\/2019\/01\/RTEmagicC_Lecture_13__4_.JPG.jpg\" alt=\"\"><\/p>\n<p><img decoding=\"async\" src=\"http:\/\/icamt.mini.icom.museum\/wp-content\/uploads\/sites\/13\/2019\/01\/RTEmagicC_Lecture_14__7_.JPG.jpg\" alt=\"\"><\/p>\n<p><img decoding=\"async\" src=\"http:\/\/icamt.mini.icom.museum\/wp-content\/uploads\/sites\/13\/2019\/01\/RTEmagicC_Lecture_15__6_.JPG.jpg\" alt=\"\"><\/p>\n<p> \t\t<!--  Text: [end] --> \t\t\t   \t<!--  \t\tBEGIN: Content of extension \"hpo_relatedlink\", plugin \"tx_hporelatedlink_pi1\"  \t--> \t<\/p>\n<div> \t\t \t<\/div>\n<p> \t \t<!-- END: Content of extension \"hpo_relatedlink\", plugin \"tx_hporelatedlink_pi1\" -->  \t<\/div>\n<p> \t<!--  CONTENT ELEMENT, uid:18811\/text [end] --> \t\t<!--TYPO3SEARCH_end--> <\/div>\n","protected":false},"excerpt":{"rendered":"<p>THEME: EXHIBIT DESIGN PROJECT AND GRAPHIC DESIGN Day 4,\u00a0 12 October 2016 \u2013 Wednesday \u00a0 LECTURE 12,\u00a0EXHIBIT DESIGN PROJECT Renewal of exhibit design (MUS\u00c9E D&#8217;ORSAY and MUS\u00c9E DE L&#8217;ORANGERIE, Paris, France) * Virg\u00ednia Fienga (Mus\u00e9e D&#8217;Orsay)\u00a0 \u00a0 LECTURE 13a,\u00a0EXHIBIT DESIGN PROJECT LECTURE 13b LECTURE 13d Interdisciplinary team, limits and interfaces between areas (MUSEU DA IMIGRA\u00c7\u00c3O, [&hellip;]<\/p>\n","protected":false},"author":1,"featured_media":0,"parent":256,"menu_order":8,"comment_status":"closed","ping_status":"closed","template":"","meta":{"footnotes":""},"yst_prominent_words":[],"acf":[],"_links":{"self":[{"href":"https:\/\/icamt.mini.icom.museum\/es\/wp-json\/wp\/v2\/pages\/826"}],"collection":[{"href":"https:\/\/icamt.mini.icom.museum\/es\/wp-json\/wp\/v2\/pages"}],"about":[{"href":"https:\/\/icamt.mini.icom.museum\/es\/wp-json\/wp\/v2\/types\/page"}],"author":[{"embeddable":true,"href":"https:\/\/icamt.mini.icom.museum\/es\/wp-json\/wp\/v2\/users\/1"}],"replies":[{"embeddable":true,"href":"https:\/\/icamt.mini.icom.museum\/es\/wp-json\/wp\/v2\/comments?post=826"}],"version-history":[{"count":1,"href":"https:\/\/icamt.mini.icom.museum\/es\/wp-json\/wp\/v2\/pages\/826\/revisions"}],"predecessor-version":[{"id":2698,"href":"https:\/\/icamt.mini.icom.museum\/es\/wp-json\/wp\/v2\/pages\/826\/revisions\/2698"}],"up":[{"embeddable":true,"href":"https:\/\/icamt.mini.icom.museum\/es\/wp-json\/wp\/v2\/pages\/256"}],"wp:attachment":[{"href":"https:\/\/icamt.mini.icom.museum\/es\/wp-json\/wp\/v2\/media?parent=826"}],"wp:term":[{"taxonomy":"yst_prominent_words","embeddable":true,"href":"https:\/\/icamt.mini.icom.museum\/es\/wp-json\/wp\/v2\/yst_prominent_words?post=826"}],"curies":[{"name":"wp","href":"https:\/\/api.w.org\/{rel}","templated":true}]}}