{"id":1521,"date":"2019-01-03T23:26:59","date_gmt":"2019-01-03T23:26:59","guid":{"rendered":"http:\/\/icamt.icom.cust.oxymium.net\/conferences\/passees\/2013-rio-de-janeiro-brazil\/"},"modified":"2019-05-10T08:56:44","modified_gmt":"2019-05-10T08:56:44","slug":"2013-rio-de-janeiro-brazil","status":"publish","type":"page","link":"https:\/\/icamt.mini.icom.museum\/fr\/conferences\/past\/2013-rio-de-janeiro-brazil\/","title":{"rendered":"2013 Rio de Janeiro, Brazil"},"content":{"rendered":"<div id=\"RTE_CONTENT\"> <!--TYPO3SEARCH_begin--> \t<!--  CONTENT ELEMENT, uid:15190\/textpic [begin] --> \t\t<\/p>\n<div id=\"c15190\"> \t\t<!--  Image block: [begin] --> \t\t\t<\/p>\n<div> \t\t<!--  Text: [begin] --> \t\t\t<\/p>\n<p>ICOM\u2019s 23rd General Conference will be held from 10 to 17 August, 2013 in Rio de Janeiro, Brasil.<img decoding=\"async\" src=\"https:\/\/icamt.mini.icom.museum\/wp-content\/uploads\/sites\/13\/2019\/01\/RTEmagicC_a7a6c36899.jpg.jpg\" alt=\"rio\" data-mce-src=\"http:\/\/icamt.s3.amazonaws.com\/cache\/04\/12\/04123a2e25d79dfbe3677e68aff0b23a.jpg\" data-mce-style=\"vertical-align: text-top;\"><\/p>\n<p><a href=\"http:\/\/icamt.icom.cust.oxymium.net\/conferences\/past\/2013-rio-de-janeiro-brazil\/#conference\" data-mce-href=\"#conference\">ICAMT Conference, Rio de Janeiro 12-15 August 2013<\/a> <\/p>\n<p><a href=\"http:\/\/icamt.s3.amazonaws.com\/event_files\/ICAMT2013_Rio_de_Janeiro_v31-7.pdf\" target=\"_blank\" data-mce-href=\"http:\/\/icamt.s3.amazonaws.com\/event_files\/ICAMT2013_Rio_de_Janeiro_v31-7.pdf\">Final Program<\/a>\u00a0version of 31th July 2013 <\/p>\n<p><a href=\"http:\/\/icamt.icom.cust.oxymium.net\/conferences\/past\/2013-rio-de-janeiro-brazil\/#August12\" data-mce-href=\"#August12\">Monday, August 12th<\/a><br \/><a href=\"http:\/\/icamt.icom.cust.oxymium.net\/conferences\/past\/2013-rio-de-janeiro-brazil\/#August13\" data-mce-href=\"#August13\">Tuesday, August 13th<\/a><br \/><a href=\"http:\/\/icamt.icom.cust.oxymium.net\/conferences\/past\/2013-rio-de-janeiro-brazil\/#August14\" data-mce-href=\"#August14\">Wednesday, August 14th<\/a><br \/><a href=\"http:\/\/icamt.icom.cust.oxymium.net\/conferences\/past\/2013-rio-de-janeiro-brazil\/#August15\" data-mce-href=\"#August15\">Thursday, August 15th<\/a> <\/p>\n<p><a href=\"http:\/\/icamt.icom.cust.oxymium.net\/conferences\/past\/2013-rio-de-janeiro-brazil\/#niemeyer\" data-mce-href=\"#niemeyer\">Oscar Niemeyer<\/a> <\/p>\n<p>Some 3,000 to 4,000 international participants are expected at this crucial event for ICOM, for its members and for the international museum community. It provides a platform for museum professionals from different regions and cultures to share and exchange on their expertise and experience.\u00a0 <\/p>\n<p>The theme of the General Conference is:\u00a0<b>Museums (memory + creativity = social change)<\/b>. Find more about the theme, registration, accommodation and the program on the conference site:\u00a0<a href=\"http:\/\/www.icomrio2013.org.br\/\" target=\"_blank\" data-mce-href=\"http:\/\/www.icomrio2013.org.br\/\">ICOM RIO 2013<\/a> <\/p>\n<p><img decoding=\"async\" src=\"https:\/\/icamt.mini.icom.museum\/wp-content\/uploads\/sites\/13\/2019\/01\/RTEmagicC_e38246946e.jpg.jpg\" alt=\"icom rio 2013\" data-mce-src=\"http:\/\/icamt.s3.amazonaws.com\/cache\/fc\/61\/fc613103eb0457ba60fea209b25daf38.jpg\" data-mce-style=\"vertical-align: text-top;\"><\/p>\n<p>The General Conference will take place in the building:\u00a0<b>Cidade das Artes.\u00a0<\/b>The Cidade das Artes (City of Arts) is a cultural complex located in Barra da Tijuca in the Southwest Zone of Rio de Janeiro, Brasil, which was originally planned to open in 2004. The formal inauguration is now anticipated for January of 2013, with the musical, &#8220;Rock in Rio&#8221;. The project&#8217;s R$515 million (approx. US$250 million) to the city of Rio caused much controversy was originally budgeted at R$86 million. <\/p>\n<p>As the new home of the Orquestra Sinf\u00f4nica Brasileira (Brasilian Symphony Orchestra) and a main center for music, the Cidade das Artes will be the largest modern concert hall in South America, with 1,780 seats. The complex spans approximately 90 thousand square metres and also features a chamber music hall, three theatres and 12 rehearsal rooms. From the terrace there is a panoramic view of the region, from Barra&#8217;s borught. <\/p>\n<p>The building was designed by the French architect Christian de Portzamparc, who won the Pritzker Architecture Prize in 1994. The construction was funded by the city of Rio de Janeiro.<img decoding=\"async\" src=\"https:\/\/icamt.mini.icom.museum\/wp-content\/uploads\/sites\/13\/2019\/01\/RTEmagicC_b61cce266d.jpg.jpg\" alt=\"CDM2\" data-mce-src=\"http:\/\/icamt.s3.amazonaws.com\/cache\/c6\/dc\/c6dc5886661be6fb5116f5d79d7f40ba.jpg\" data-mce-style=\"vertical-align: text-top;\"><\/p>\n<p><b><a name=\"conference\"><\/a>ICAMT Conference, Rio de Janeiro 12-15 August 2013<\/b> <\/p>\n<p>Theme: Building sustainable museums in the tropics <\/p>\n<p><a href=\"http:\/\/icamt.s3.amazonaws.com\/event_files\/ICAMT2013_Rio_de_Janeiro_v31-7.pdf\" target=\"_blank\" data-mce-href=\"http:\/\/icamt.s3.amazonaws.com\/event_files\/ICAMT2013_Rio_de_Janeiro_v31-7.pdf\">Final Program<\/a>\u00a0version of 31th July 2013 <\/p>\n<p>Most of museum design practice and current performance expectations draw upon experience and modes of working atuned to temperate or cool climates. Translating these to projects in the tropics can be challenging and costly, placing burdens on institutions that may prove unachievable within the technical and financial resources available. Using museums in Rio as case studies, this conference will explore the ways in which museums in the tropics are designed to meet environmental and other performance targets. Through evaluation of sample projects and experience, the conference will examine what methods can be adopted and explore their sustainability. <\/p>\n<p>The conference will be held over three and half days. The initial half day will set the scene, looking at the history of museums in Brasil and drawing comparisons with other countries in the tropics. Day Two will be held in the Conference Centre, where the focus will be placed on measures to meet internationally adopted guidelines, especially with respect to environmental design. This will be contrasted on the Day Three, to be held in the Conference Centre and at the Casa de Rui Barbosa, where low tech options will be explored as alternative strategies for museum buildings. The final Day Four will be held in the Moreira Salles Foundation\u00a0and will an opportunity to compare strategies and ask fundamental questions about what is appropriate and sustainable when working in the tropics. <\/p>\n<p>The value of this conference will be enhanced by the breadth of contributors and it is hoped to attract participants from throughout the world. There will be opportunities for participants to make brief presentations to encourage exchange of personal experience and also substantial discussion periods during which material can be reviewed. It is the intention of the organisers to assemble formal contributions and report discussions on ICAMT\u2019s website to form a long term resource for those working in this field. <\/p>\n<p>\u00a0<\/p>\n<p><b><a name=\"August12\"><\/a>12th August 2013<br \/><\/b>&#8211; Conference centre,\u00a0<b>Cidade das Artes<\/b> <\/p>\n<p><img decoding=\"async\" src=\"https:\/\/icamt.mini.icom.museum\/wp-content\/uploads\/sites\/13\/2019\/01\/RTEmagicC_7cf06c1a6a.jpg.jpg\" alt=\"CDM1\" data-mce-src=\"http:\/\/icamt.s3.amazonaws.com\/cache\/03\/2d\/032d1a5781fcdd1f954a886b24c67b5a.jpg\" data-mce-style=\"vertical-align: text-top;\"><\/p>\n<p>Presentations: <\/p>\n<p>Welcome, Introduction to conference programme<br \/>STEPHEN CANNON-BROOKES <\/p>\n<p>History of museums in Brasil<br \/>Prof. MARIA CRISTINA DE OLIVEIRA BRUNO <\/p>\n<p>Archaeological museum in Vera Cruz\u00a0<br \/>YANI HERREMANN <\/p>\n<p>Sustainable bank museum in Karachi<br \/>ASMA IBRAHIM <\/p>\n<p>Project for the construction of the annex of the Environmental Building Museum in Rio de Janeiro<br \/>ANDRE LUIZ PRADO, BRUNO SANTA CEC\u00cdLIA, MONICA NEVES <\/p>\n<p>Museums and LEED certification: some issues for museological reflections<br \/>PAULO ROBERTO SABINO <\/p>\n<p>\u00a0<\/p>\n<p>\u00a0<\/p>\n<p><b><a name=\"August13\"><\/a>13th August 2013<br \/><\/b>&#8211; Conference centre,\u00a0<b>Cidade das Artes<\/b> <\/p>\n<p><img decoding=\"async\" src=\"https:\/\/icamt.mini.icom.museum\/wp-content\/uploads\/sites\/13\/2019\/01\/RTEmagicC_d61da1dfa9.jpg.jpg\" alt=\"CDM3\" data-mce-src=\"http:\/\/icamt.s3.amazonaws.com\/cache\/06\/a8\/06a8fc499d3d706307bf6e1ae5ee5522.jpg\" data-mce-style=\"vertical-align: text-top;\"><\/p>\n<p>Presentations: <\/p>\n<p>Meeting \u2018International\u2019 guidelines in museums in the Tropics,\u00a0 the implications for\u00a0 collections management, stabilization of environments, lighting and security<br \/>ALESSANDRA LABATE ROSSO <\/p>\n<p>Planning Strategies for Sustainable\u00a0Museums<br \/>JEAN HILGERSOM <\/p>\n<p>The Russian of exposition museum design and designers<br \/>MARIA MAYSTROVSKAYA <\/p>\n<p>Link between collections and modern technologies<br \/>JEAN FRAN\u00c7OIS HOCQUARD <\/p>\n<p>Development of the new launched expert-website about exhibition making<br \/>MARIO JELLEMA <\/p>\n<p>Architectural solutions \u2013 1 \u2013 MAR\u00a0 \u2013 Museu de Arte do Rio de Janeiro<br \/>CLAUDIA COUTINHO <\/p>\n<p>Architectural solutions \u2013 2 \u2013 Museu do Amanh\u00e3<br \/>JACK CAMELQ <\/p>\n<p>Lighting \u2013 LED in museums<br \/>CINTIA PADOVAN and CHRISTOPH LARBIG <\/p>\n<p>Open Air ethnographic museums \u2013 keeping past, creating future sustainable Museums in Georgia<br \/>NANA MEPARISHVILI <\/p>\n<p>Final discussion<br \/>STEPHEN CANNON-BROOKES <\/p>\n<p>\u00a0<\/p>\n<p>\u00a0<\/p>\n<p><b><a name=\"August14\"><\/a>14th August 2013<br \/><\/b>&#8211; Morning Program: Conference center,\u00a0<b>Cidade das Artes<\/b> <\/p>\n<p>&#8211; Afternoon Program:\u00a0<b>Funda\u00e7\u00e3o Casa de Rui Barbosa<\/b>\u00a0<a href=\"http:\/\/www.casaruibarbosa.gov.br\/\" target=\"_blank\" data-mce-href=\"http:\/\/www.casaruibarbosa.gov.br\/\">WEBSITE<\/a> <\/p>\n<p><img decoding=\"async\" src=\"https:\/\/icamt.mini.icom.museum\/wp-content\/uploads\/sites\/13\/2019\/01\/RTEmagicC_2a7992c65b.jpg.jpg\" alt=\"CRB1\" data-mce-src=\"http:\/\/icamt.s3.amazonaws.com\/cache\/1c\/b1\/1cb1979a0f2769229eac3abf165c0e0f.jpg\" data-mce-style=\"vertical-align: text-top;\"><\/p>\n<p>A renowned politician, diplomat, and jurist, Rui Barbosa de Oliveira (1849\u20131923) helped shape 19th and early 20th Brazilian politics, notably in the adoption of direct elections and the abolition of slavery. He made his mark internationally during the 1907 Peace Conference at The Hague, where he argued that all countries should be treated equally. He twice contested the Brazilian presidency \u2013 in 1910 and 1919 \u2013 but lost on both occasions. Barbosa was also a great essayist and was one of the founders of the Brazilian Academy of Letters. He later became its second president. He was eventually elected as a judge to the International Court of Justice at The Hague. The 1850 building that houses the Rui Barbosa Museum was the statesman\u2019s home from 1895 until his death in 1923. When it opened to the public in 1930, it was the first private residence in Brazil to be turned into a museum. <\/p>\n<p>The museum showcases a collection of Barbosa\u2019s personal possessions, such as furniture and art, and a library, containing 200 of his own works and has recently been the subject of a major study on the optimisation of internal environment and the integration of services. This provides the first of the Conference\u2019s local case studies. <\/p>\n<p>Presentations:<\/p>\n<ul>\n<li>Morning Programme; Conference Centre<\/li>\n<\/ul>\n<p>Sustainable strategies for lighting<br \/>STEPHEN CANNON-BROOKES <\/p>\n<p>Environmental sustainability in historic museum buildings as an element of preventive conservation<br \/>MARINA BYRRO RIBEIRO and EDUARDA VIEIRA <\/p>\n<p>Memoria do gas \u2013 o futuro sempre presente<br \/>SILVIA LANDA <\/p>\n<p>David versus Goliath: International standards and regional museums architecture<br \/>DENNIS HERMANN<\/p>\n<ul>\n<li>Afternoon Programme: Casa de Rui Barbosa<\/li>\n<\/ul>\n<p>Case study \u2013 the Casa de Rui Barbosa, RJ<br \/>CLAUDIA CARVALHO <\/p>\n<p>Adopting the neo-classical buildings for specialized museums<br \/>KALEEMULLAH LASHARI <\/p>\n<p>Technical visit &#8211; 1\u00a0<br \/>Foundation Staff <\/p>\n<p>Technical visit &#8211; 2<br \/>Foundation Staff <\/p>\n<p>Round table \u2013 Final discussion<br \/>STEPHEN CANNON-BROOKES <\/p>\n<p>\u00a0<\/p>\n<p>\u00a0<\/p>\n<p><b><a name=\"August15\"><\/a>15th August 2013<br \/><\/b>&#8211;<b>\u00a0Instituto Moreira Salles<\/b>\u00a0\u00a0<a href=\"http:\/\/www.ims.com.br\/ims\/\" target=\"_blank\" data-mce-href=\"http:\/\/ims.uol.com.br\" title=\"Opens external link in new window\">WEBSITE<\/a> <\/p>\n<p><img decoding=\"async\" src=\"https:\/\/icamt.mini.icom.museum\/wp-content\/uploads\/sites\/13\/2019\/01\/RTEmagicC_b7fd6f2f83.jpg.jpg\" alt=\"IMS1\" data-mce-src=\"http:\/\/icamt.s3.amazonaws.com\/cache\/2d\/42\/2d42cb5f0d41d12a0cfd077a9f93d508.jpg\" data-mce-style=\"vertical-align: text-top;\"><\/p>\n<p>The Instituto Moreira Salles is a non-profit organization founded by Walter Moreira Salles (1912\u20132001) in 1990 and managed by the Moreira Salles family. Its goal is to promote the development of cultural projects in five main areas: photography, literature, libraries, visual arts and Brazilian music. Part of its photographic, literary, and musical database is available through its website. It has cultural centers around Brazil (Rio de Janeiro, S\u00e3o Paulo, Po\u00e7os de Caldas and Belo Horizonte), and four galleries (S\u00e3o Paulo, Rio de Janeiro, Curitiba e Porto Alegre). <\/p>\n<p>The Institute\u2019s home in Rio houses a variety of functions based around the former Moreira Salles house, which as been converted into an series of exhibition galleries, and auditorium. Adjacent to this, the Institute has built further galleries and archives designed to me international museum standards thereby permitting participation in loan exhibition of mostly 20th century and contemporary art. The challenges faced in designing and maintaining buildings to meet these standards will be focus of the second of the Conference\u2019s local case studies. <\/p>\n<p>Presentations: <\/p>\n<p>Registration \/ Welcome<br \/>STEPHEN CANNON-BROOKES <\/p>\n<p>Case study \u2013 the Moreira Salles Instituto<br \/>SAMUEL TITAN <\/p>\n<p>Architectural solutions at the Moreira Salles Instituto\u00a0<br \/>SERGIO BURGI <\/p>\n<p>Technical visit &#8211; 1\u00a0\u00a0<br \/>Foundation Staff <\/p>\n<p>Technical visit &#8211; 2\u00a0\u00a0<br \/>Foundation Staff <\/p>\n<p>Final round table discussion\u00a0<br \/>STEPHEN CANNON-BROOKES <\/p>\n<p>\u00a0<\/p>\n<p>\u00a0<\/p>\n<p><b><a name=\"niemeyer\"><\/a>OSCAR NIEMEYER<\/b>\u00a0(1907-2012) <\/p>\n<p>The most famous Brazilian architect is Oscar Niemeyer, he passed away last year. A museum designed by his hands is build in Rio, an iconic building on breathtaking location. <\/p>\n<p>The MAC-Niter\u00f3i project reveals the daring of an experienced artist, responsible for a production that presents a very personal reading of the precepts of rationalist architecture lecorbusiana matrix. <\/p>\n<p>In the 80s, the democratic regime was recovered in Brazil and Oscar Niemeyer returned to Brazil. He found a different country than it was when he was summoned to design Brasilia, a country whose population is spread in the peripheries of cities. <\/p>\n<p>In the works of this period Niemeyer continues to work with types already explored, winding slabs, domes, arches and platforms, in short, the vocabulary of curved universe. <\/p>\n<p>Located at the top of Mirante da Boa Viagem (Boa Viagem viewpoint) on Avenida Almirante Benjamin Sodr\u00e9 of the city of Niteroi, enjoying a splendid view of Sugar Loaf and Corcovado, as the city of Niteroi is opposite Guanabara Bay in Rio de Janeiro, Brazil, accessed via an impressive bridge or ferry. <\/p>\n<p><img decoding=\"async\" src=\"https:\/\/icamt.mini.icom.museum\/wp-content\/uploads\/sites\/13\/2019\/01\/RTEmagicC_3e12853a9f.jpg.jpg\" alt=\"ON1\" data-mce-src=\"http:\/\/icamt.s3.amazonaws.com\/cache\/de\/4e\/de4ecf8d78ffba1f915092b902c7eb3b.jpg\" data-mce-style=\"vertical-align: text-top;\"><img decoding=\"async\" src=\"https:\/\/icamt.mini.icom.museum\/wp-content\/uploads\/sites\/13\/2019\/01\/RTEmagicC_5776856d10.jpg.jpg\" alt=\"ON2\" data-mce-src=\"http:\/\/icamt.s3.amazonaws.com\/cache\/e7\/00\/e700184c7381f01cf59027d4cf1c0b38.jpg\" data-mce-style=\"vertical-align: text-top;\"><img decoding=\"async\" src=\"https:\/\/icamt.mini.icom.museum\/wp-content\/uploads\/sites\/13\/2019\/01\/RTEmagicC_42474d5f21.jpg.jpg\" alt=\"ON3\" data-mce-src=\"http:\/\/icamt.s3.amazonaws.com\/cache\/d9\/76\/d976f9200fa63827502fb87f21a7d851.jpg\" data-mce-style=\"vertical-align: text-top;\"><img decoding=\"async\" src=\"https:\/\/icamt.mini.icom.museum\/wp-content\/uploads\/sites\/13\/2019\/01\/RTEmagicC_2bd268a322.jpg.jpg\" alt=\"ON4\" data-mce-src=\"http:\/\/icamt.s3.amazonaws.com\/cache\/18\/e4\/18e42c3c20f88540242ec10f3bb0579d.jpg\" data-mce-style=\"vertical-align: text-top;\"><\/p>\n<p><img decoding=\"async\" src=\"https:\/\/icamt.mini.icom.museum\/wp-content\/uploads\/sites\/13\/2019\/01\/RTEmagicC_66973f2b95.jpg.jpg\" alt=\"ON5\" data-mce-src=\"http:\/\/icamt.s3.amazonaws.com\/cache\/47\/85\/4785ba057138796bb2769eb1f72d07b3.jpg\" data-mce-style=\"vertical-align: text-top;\">\u00a0<\/p>\n<p> \t\t<!--  Text: [end] --> \t\t\t<\/div>\n<p> \t\t<!--  Image block: [end] --> \t\t\t   \t<!--  \t\tBEGIN: Content of extension \"hpo_relatedlink\", plugin \"tx_hporelatedlink_pi1\"  \t--> \t<\/p>\n<div> \t\t \t<\/div>\n<p> \t \t<!-- END: Content of extension \"hpo_relatedlink\", plugin \"tx_hporelatedlink_pi1\" -->  \t<\/div>\n<p> \t<!--  CONTENT ELEMENT, uid:15190\/textpic [end] --> \t\t<!--TYPO3SEARCH_end--> <\/div>\n","protected":false},"excerpt":{"rendered":"<p>ICOM\u2019s 23rd General Conference will be held from 10 to 17 August, 2013 in Rio de Janeiro, Brasil. ICAMT Conference, Rio de Janeiro 12-15 August 2013 Final Program\u00a0version of 31th July 2013 Monday, August 12thTuesday, August 13thWednesday, August 14thThursday, August 15th Oscar Niemeyer Some 3,000 to 4,000 international participants are expected at this crucial event [&hellip;]<\/p>\n","protected":false},"author":1,"featured_media":0,"parent":462,"menu_order":6,"comment_status":"closed","ping_status":"closed","template":"","meta":{"footnotes":""},"yst_prominent_words":[],"acf":[],"_links":{"self":[{"href":"https:\/\/icamt.mini.icom.museum\/fr\/wp-json\/wp\/v2\/pages\/1521"}],"collection":[{"href":"https:\/\/icamt.mini.icom.museum\/fr\/wp-json\/wp\/v2\/pages"}],"about":[{"href":"https:\/\/icamt.mini.icom.museum\/fr\/wp-json\/wp\/v2\/types\/page"}],"author":[{"embeddable":true,"href":"https:\/\/icamt.mini.icom.museum\/fr\/wp-json\/wp\/v2\/users\/1"}],"replies":[{"embeddable":true,"href":"https:\/\/icamt.mini.icom.museum\/fr\/wp-json\/wp\/v2\/comments?post=1521"}],"version-history":[{"count":1,"href":"https:\/\/icamt.mini.icom.museum\/fr\/wp-json\/wp\/v2\/pages\/1521\/revisions"}],"predecessor-version":[{"id":2603,"href":"https:\/\/icamt.mini.icom.museum\/fr\/wp-json\/wp\/v2\/pages\/1521\/revisions\/2603"}],"up":[{"embeddable":true,"href":"https:\/\/icamt.mini.icom.museum\/fr\/wp-json\/wp\/v2\/pages\/462"}],"wp:attachment":[{"href":"https:\/\/icamt.mini.icom.museum\/fr\/wp-json\/wp\/v2\/media?parent=1521"}],"wp:term":[{"taxonomy":"yst_prominent_words","embeddable":true,"href":"https:\/\/icamt.mini.icom.museum\/fr\/wp-json\/wp\/v2\/yst_prominent_words?post=1521"}],"curies":[{"name":"wp","href":"https:\/\/api.w.org\/{rel}","templated":true}]}}