{"id":462,"date":"2019-01-03T23:20:54","date_gmt":"2019-01-03T23:20:54","guid":{"rendered":"http:\/\/icamt.icom.cust.oxymium.net\/conferences\/passees\/"},"modified":"2022-02-22T16:59:27","modified_gmt":"2022-02-22T16:59:27","slug":"past","status":"publish","type":"page","link":"https:\/\/icamt.mini.icom.museum\/fr\/conferences\/past\/","title":{"rendered":"Past"},"content":{"rendered":"<div id=\"RTE_CONTENT\"> <!--TYPO3SEARCH_begin--> \t<!--  CONTENT ELEMENT, uid:14971\/textpic [begin] --> \t\t<\/p>\n<div id=\"c14971\"> \t\t<!--  Image block: [begin] --> \t\t\t<\/p>\n<div> \t\t<!--  Text: [begin] --> \t\t\t<\/p>\n<p>Les r\u00e9unions annuelles de l\u2019ICAMT ont d\u2019habitude une dur\u00e9e de 3 \u00e0 5 jours et peuvent inclure un post-tour au terme de la conf\u00e9rence. Elles concernent des visites \u00e0 des mus\u00e9es et des sessions de travail, o\u00f9 les coll\u00e8gues locaux et les membres de l\u2019ICAMT pr\u00e9sentent des m\u00e9moires en rapport avec le th\u00e8me de la conf\u00e9rence.\u00a0<\/p>\n<p>Certaines conf\u00e9rences pr\u00e9voient \u00e9galement des ateliers, o\u00f9 les membres peuvent \u00e9tudier un projet en profondeur. Des probl\u00e8mes pertinents d\u2019int\u00e9r\u00eat local y sont adress\u00e9s et les membres de l\u2019ICAMT contribuent \u00e0 en trouver la solution par un \u00e9change des vues scientifiques avec leurs coll\u00e8gues locaux et professionnels de mus\u00e9e.<br \/><img decoding=\"async\" src=\"https:\/\/icamt.mini.icom.museum\/wp-content\/uploads\/sites\/13\/2019\/01\/RTEmagicC_ICAMTbus_01.jpg.jpg\" alt=\"\">\u00a0<\/p>\n<p>ANCIENNES\u00a0CONF\u00c9RENCES:<br \/>2015 Trondheim, Norvege<br \/>2014 Tbilisi, G\u00e9orgie<br \/>2013 Rio de Janeiro, Br\u00e9zil<br \/>2012 Madrid, Espagne<br \/><a href=\"\/icamt\/conferences\/passees\/2011-stockholm-sweden\/L\/2\/\" title=\"Opens internal link in current window\">2011 Stockholm, Su\u00e8de<\/a><br \/>2010 Shanghai, Chine<br \/>2009 Berlin, Allemagne<br \/>2007 Vienne, Autriche<br \/>2006 Rotterdam, Hollande<br \/>2005 Washington DC, USA<br \/>2004 S\u00e9oul, Cor\u00e9e<br \/>2003 Lettonie et Estonie; post-tour en Lituanie<br \/>2002 Mexico, Mexique<br \/>2001 Barcelone, Espagne<br \/>1999 Santo Domingo, R\u00e9publique Dominicaine<br \/>1998 Melbourne, Australie,<\/p>\n<p> \t\t<!--  Text: [end] --> \t\t\t<\/div>\n<p> \t\t<!--  Image block: [end] --> \t\t\t   \t<!--  \t\tBEGIN: Content of extension \"hpo_relatedlink\", plugin \"tx_hporelatedlink_pi1\"  \t--> \t<\/p>\n<div> \t\t \t<\/div>\n<p> \t \t<!-- END: Content of extension \"hpo_relatedlink\", plugin \"tx_hporelatedlink_pi1\" -->  \t<\/div>\n<p> \t<!--  CONTENT ELEMENT, uid:14971\/textpic [end] --> \t\t<!--TYPO3SEARCH_end--> <\/div>\n","protected":false},"excerpt":{"rendered":"<p>Les r\u00e9unions annuelles de l\u2019ICAMT ont d\u2019habitude une dur\u00e9e de 3 \u00e0 5 jours et peuvent inclure un post-tour au terme de la conf\u00e9rence. Elles concernent des visites \u00e0 des mus\u00e9es et des sessions de travail, o\u00f9 les coll\u00e8gues locaux et les membres de l\u2019ICAMT pr\u00e9sentent des m\u00e9moires en rapport avec le th\u00e8me de la [&hellip;]<\/p>\n","protected":false},"author":1,"featured_media":0,"parent":150,"menu_order":2,"comment_status":"closed","ping_status":"closed","template":"","meta":{"footnotes":""},"yst_prominent_words":[],"acf":[],"_links":{"self":[{"href":"https:\/\/icamt.mini.icom.museum\/fr\/wp-json\/wp\/v2\/pages\/462"}],"collection":[{"href":"https:\/\/icamt.mini.icom.museum\/fr\/wp-json\/wp\/v2\/pages"}],"about":[{"href":"https:\/\/icamt.mini.icom.museum\/fr\/wp-json\/wp\/v2\/types\/page"}],"author":[{"embeddable":true,"href":"https:\/\/icamt.mini.icom.museum\/fr\/wp-json\/wp\/v2\/users\/1"}],"replies":[{"embeddable":true,"href":"https:\/\/icamt.mini.icom.museum\/fr\/wp-json\/wp\/v2\/comments?post=462"}],"version-history":[{"count":2,"href":"https:\/\/icamt.mini.icom.museum\/fr\/wp-json\/wp\/v2\/pages\/462\/revisions"}],"predecessor-version":[{"id":3655,"href":"https:\/\/icamt.mini.icom.museum\/fr\/wp-json\/wp\/v2\/pages\/462\/revisions\/3655"}],"up":[{"embeddable":true,"href":"https:\/\/icamt.mini.icom.museum\/fr\/wp-json\/wp\/v2\/pages\/150"}],"wp:attachment":[{"href":"https:\/\/icamt.mini.icom.museum\/fr\/wp-json\/wp\/v2\/media?parent=462"}],"wp:term":[{"taxonomy":"yst_prominent_words","embeddable":true,"href":"https:\/\/icamt.mini.icom.museum\/fr\/wp-json\/wp\/v2\/yst_prominent_words?post=462"}],"curies":[{"name":"wp","href":"https:\/\/api.w.org\/{rel}","templated":true}]}}