{"id":468,"date":"2019-01-03T23:21:00","date_gmt":"2019-01-03T23:21:00","guid":{"rendered":"http:\/\/icamt.icom.cust.oxymium.net\/committee\/mission\/"},"modified":"2019-05-10T08:56:11","modified_gmt":"2019-05-10T08:56:11","slug":"mission","status":"publish","type":"page","link":"https:\/\/icamt.mini.icom.museum\/fr\/committee\/mission\/","title":{"rendered":"Mission"},"content":{"rendered":"<div id=\"RTE_CONTENT\"> <!--TYPO3SEARCH_begin--> \t<!--  CONTENT ELEMENT, uid:14974\/textpic [begin] --> \t\t<\/p>\n<div id=\"c14974\"> \t\t<!--  Image block: [begin] --> \t\t\t<\/p>\n<div> \t\t<!--  Text: [begin] --> \t\t\t<\/p>\n<p>La mission du Comit\u00e9 International pour l\u2019Architecture et les Techniques Mus\u00e9ographiques est ainsi articul\u00e9e:\u00a0<\/p>\n<ul>\n<li>Soutien des buts et objectifs de l\u2019ICOM, en particulier en r\u00e9f\u00e9rence \u00e0 tous les aspects de l\u2019architecture de mus\u00e9es et des expositions (permanentes voire temporaires), en tant que contribution et composante int\u00e9grante de la mission du mus\u00e9e.\u00a0<\/li>\n<li>Contribution au d\u00e9veloppement et mise en \u0153uvre du programme de l\u2019ICOM.\u00a0<\/li>\n<li>R\u00e9daction et mise en ex\u00e9cution d\u2019un programme d\u2019activit\u00e9s li\u00e9es aux aspects de l\u2019architecture de mus\u00e9es et des techniques d\u2019exposition.\u00a0<\/li>\n<li>Mise \u00e0 point d\u2019un forum pour la communication, la coop\u00e9ration et l\u2019\u00e9change d\u2019informations entre mus\u00e9es, professionnels de mus\u00e9es et autres professionnels, int\u00e9ress\u00e9s aux objectifs de l\u2019ICAMT.\u00a0<\/li>\n<li>Octroi de conseils \u00e0 l\u2019ICOM sur des questions li\u00e9es \u00e0 l\u2019organisation des mus\u00e9es, \u00e0 leurs architecture et expositions, et aux structures historiques utilis\u00e9s comme mus\u00e9es, qui sont t\u00e9moignage de plusieurs h\u00e9ritages architecturaux; ainsi que octroi de comp\u00e9tences professionnelles pour contribuer \u00e0 la mise en \u0153uvre du programme de l\u2019ICOM.\u00a0<\/li>\n<li>Repr\u00e9sentation des int\u00e9r\u00eats des membres de l\u2019ICAMT au sein de l\u2019ICOM; coop\u00e9ration avec les Comit\u00e9s Nationaux et les Organisations R\u00e9gionales de l\u2019ICOM, et avec les mandats sp\u00e9cifiques d\u2019autres Comit\u00e9s Internationaux et plus en g\u00e9n\u00e9ral conform\u00e9ment aux int\u00e9r\u00eats de l\u2019ICOM.<\/li>\n<\/ul>\n<p> \t\t<!--  Text: [end] --> \t\t\t<\/div>\n<p> \t\t<!--  Image block: [end] --> \t\t\t   \t<!--  \t\tBEGIN: Content of extension \"hpo_relatedlink\", plugin \"tx_hporelatedlink_pi1\"  \t--> \t<\/p>\n<div> \t\t \t<\/div>\n<p> \t \t<!-- END: Content of extension \"hpo_relatedlink\", plugin \"tx_hporelatedlink_pi1\" -->  \t<\/div>\n<p> \t<!--  CONTENT ELEMENT, uid:14974\/textpic [end] --> \t\t<!--TYPO3SEARCH_end--> <\/div>\n","protected":false},"excerpt":{"rendered":"<p>La mission du Comit\u00e9 International pour l\u2019Architecture et les Techniques Mus\u00e9ographiques est ainsi articul\u00e9e:\u00a0 Soutien des buts et objectifs de l\u2019ICOM, en particulier en r\u00e9f\u00e9rence \u00e0 tous les aspects de l\u2019architecture de mus\u00e9es et des expositions (permanentes voire temporaires), en tant que contribution et composante int\u00e9grante de la mission du mus\u00e9e.\u00a0 Contribution au d\u00e9veloppement et [&hellip;]<\/p>\n","protected":false},"author":1,"featured_media":0,"parent":153,"menu_order":0,"comment_status":"closed","ping_status":"closed","template":"","meta":{"footnotes":""},"yst_prominent_words":[],"acf":[],"_links":{"self":[{"href":"https:\/\/icamt.mini.icom.museum\/fr\/wp-json\/wp\/v2\/pages\/468"}],"collection":[{"href":"https:\/\/icamt.mini.icom.museum\/fr\/wp-json\/wp\/v2\/pages"}],"about":[{"href":"https:\/\/icamt.mini.icom.museum\/fr\/wp-json\/wp\/v2\/types\/page"}],"author":[{"embeddable":true,"href":"https:\/\/icamt.mini.icom.museum\/fr\/wp-json\/wp\/v2\/users\/1"}],"replies":[{"embeddable":true,"href":"https:\/\/icamt.mini.icom.museum\/fr\/wp-json\/wp\/v2\/comments?post=468"}],"version-history":[{"count":1,"href":"https:\/\/icamt.mini.icom.museum\/fr\/wp-json\/wp\/v2\/pages\/468\/revisions"}],"predecessor-version":[{"id":2626,"href":"https:\/\/icamt.mini.icom.museum\/fr\/wp-json\/wp\/v2\/pages\/468\/revisions\/2626"}],"up":[{"embeddable":true,"href":"https:\/\/icamt.mini.icom.museum\/fr\/wp-json\/wp\/v2\/pages\/153"}],"wp:attachment":[{"href":"https:\/\/icamt.mini.icom.museum\/fr\/wp-json\/wp\/v2\/media?parent=468"}],"wp:term":[{"taxonomy":"yst_prominent_words","embeddable":true,"href":"https:\/\/icamt.mini.icom.museum\/fr\/wp-json\/wp\/v2\/yst_prominent_words?post=468"}],"curies":[{"name":"wp","href":"https:\/\/api.w.org\/{rel}","templated":true}]}}